{"id":726,"date":"2019-10-16T22:38:04","date_gmt":"2019-10-16T22:38:04","guid":{"rendered":"https:\/\/tmsolution.pe\/?page_id=726"},"modified":"2019-11-14T22:34:42","modified_gmt":"2019-11-14T22:34:42","slug":"news","status":"publish","type":"page","link":"https:\/\/tmsolution.pe\/en\/news\/","title":{"rendered":"News"},"content":{"rendered":"<div class=\"wp-rss-template-container\" data-wpra-template=\"default\" data-template-ctx=\"eyJsaW1pdCI6MTAsImNsYXNzTmFtZSI6Imxpc3QtbmV3cy1yc3MiLCJpc0FsbCI6dHJ1ZSwidGVtcGxhdGUiOiJkZWZhdWx0IiwicGFnaW5hdGlvbiI6dHJ1ZX0=\">\n    <div class=\"wp-rss-aggregator wpra-list-template  list-news-rss\" data-page=\"1\">\n    \n    \n<ul class=\"wpra-item-list rss-aggregator wpra-item-list--bullets wpra-item-list--default\"\n    start=\"1\">\n                        <li class=\"wpra-item feed-item \">\n            \n            \n\n    <a  href=\"https:\/\/www.freshplaza.es\/article\/9791243\/nuevos-sistemas-para-el-sector-fruticola-mundial\/\" target=\"_blank\" rel=\"nofollow\" class=\"\">Nuevos sistemas para el sector frut\u00edcola mundial<\/a>\n\n\n\n\n\n\n<div class=\"wprss-feed-meta\">\n            <span class=\"feed-source\">\n            Source:\n\n                            FP.es\n                    <\/span>\n    \n            <span class=\"feed-date\">\n            Published on 2025-12-04\n        <\/span>\n    \n    <\/div>\n\n\n\n\n\n            \n        <\/li>\n                    <li class=\"wpra-item feed-item \">\n            \n            \n\n    <a  href=\"https:\/\/www.freshplaza.es\/article\/9790325\/este-ano-hemos-vendido-mayores-volumenes-de-israel-que-otros-anos-lo-que-demuestra-que-la-calidad-siempre-gana\/\" target=\"_blank\" rel=\"nofollow\" class=\"\">&#8220;Este a\u00f1o hemos vendido mayores vol\u00famenes de Israel que otros a\u00f1os, lo que demuestra que la calidad siempre gana&#8221;<\/a>\n\n\n\n\n\n\n<div class=\"wprss-feed-meta\">\n            <span class=\"feed-source\">\n            Source:\n\n                            FP.es\n                    <\/span>\n    \n            <span class=\"feed-date\">\n            Published on 2025-12-04\n        <\/span>\n    \n    <\/div>\n\n\n\n\n\n            \n        <\/li>\n                    <li class=\"wpra-item feed-item \">\n            \n            \n\n    <a  href=\"https:\/\/www.freshplaza.es\/article\/9790790\/diciembre-es-el-mes-ideal-de-ventas-para-la-piqa-red-pero-pronto-no-podremos-limitarnos-a-un-mes\/\" target=\"_blank\" rel=\"nofollow\" class=\"\">&#8220;Diciembre es el mes ideal de ventas para la PIQA Red, pero pronto no podremos limitarnos a un mes&#8221;<\/a>\n\n\n\n\n\n\n<div class=\"wprss-feed-meta\">\n            <span class=\"feed-source\">\n            Source:\n\n                            FP.es\n                    <\/span>\n    \n            <span class=\"feed-date\">\n            Published on 2025-12-04\n        <\/span>\n    \n    <\/div>\n\n\n\n\n\n            \n        <\/li>\n                    <li class=\"wpra-item feed-item \">\n            \n            \n\n    <a  href=\"https:\/\/www.freshplaza.es\/article\/9791255\/buen-comienzo-de-la-temporada-de-mandarinas-halos-en-california-pese-a-las-lluvias\/\" target=\"_blank\" rel=\"nofollow\" class=\"\">Buen comienzo de la temporada de mandarinas Halos en California pese a las lluvias<\/a>\n\n\n\n\n\n\n<div class=\"wprss-feed-meta\">\n            <span class=\"feed-source\">\n            Source:\n\n                            FP.es\n                    <\/span>\n    \n            <span class=\"feed-date\">\n            Published on 2025-12-04\n        <\/span>\n    \n    <\/div>\n\n\n\n\n\n            \n        <\/li>\n                    <li class=\"wpra-item feed-item \">\n            \n            \n\n    <a  href=\"https:\/\/www.freshplaza.es\/article\/9791249\/la-conferencia-es-la-variedad-de-pera-preferida-por-los-consumidores-marroquies\/\" target=\"_blank\" rel=\"nofollow\" class=\"\">&#8220;La Conferencia es la variedad de pera preferida por los consumidores marroqu\u00edes&#8221;<\/a>\n\n\n\n\n\n\n<div class=\"wprss-feed-meta\">\n            <span class=\"feed-source\">\n            Source:\n\n                            FP.es\n                    <\/span>\n    \n            <span class=\"feed-date\">\n            Published on 2025-12-04\n        <\/span>\n    \n    <\/div>\n\n\n\n\n\n            \n        <\/li>\n                    <li class=\"wpra-item feed-item \">\n            \n            \n\n    <a  href=\"https:\/\/www.freshplaza.es\/article\/9791644\/cancerbero-destaca-por-su-gran-calibre-algo-complicado-de-obtener-en-pimientos-de-ciclo-temprano\/\" target=\"_blank\" rel=\"nofollow\" class=\"\">\u201cCancerbero destaca por su gran calibre, algo complicado de obtener en pimientos de ciclo temprano&#8221;<\/a>\n\n\n\n\n\n\n<div class=\"wprss-feed-meta\">\n            <span class=\"feed-source\">\n            Source:\n\n                            FP.es\n                    <\/span>\n    \n            <span class=\"feed-date\">\n            Published on 2025-12-04\n        <\/span>\n    \n    <\/div>\n\n\n\n\n\n            \n        <\/li>\n                    <li class=\"wpra-item feed-item \">\n            \n            \n\n    <a  href=\"https:\/\/www.freshplaza.es\/article\/9791624\/hortifrut-registra-perdidas-tras-fuerte-deterioro-de-activos\/\" target=\"_blank\" rel=\"nofollow\" class=\"\">Hortifrut registra p\u00e9rdidas tras fuerte deterioro de activos<\/a>\n\n\n\n\n\n\n<div class=\"wprss-feed-meta\">\n            <span class=\"feed-source\">\n            Source:\n\n                            FP.es\n                    <\/span>\n    \n            <span class=\"feed-date\">\n            Published on 2025-12-04\n        <\/span>\n    \n    <\/div>\n\n\n\n\n\n            \n        <\/li>\n                    <li class=\"wpra-item feed-item \">\n            \n            \n\n    <a  href=\"https:\/\/www.freshplaza.es\/article\/9791245\/abierto-el-plazo-de-inscripcion-para-fruit-attraction-sao-paulo-2026\/\" target=\"_blank\" rel=\"nofollow\" class=\"\">Abierto el plazo de inscripci\u00f3n para Fruit Attraction S\u00e3o Paulo 2026<\/a>\n\n\n\n\n\n\n<div class=\"wprss-feed-meta\">\n            <span class=\"feed-source\">\n            Source:\n\n                            FP.es\n                    <\/span>\n    \n            <span class=\"feed-date\">\n            Published on 2025-12-04\n        <\/span>\n    \n    <\/div>\n\n\n\n\n\n            \n        <\/li>\n                    <li class=\"wpra-item feed-item \">\n            \n            \n\n    <a  href=\"https:\/\/www.freshplaza.es\/article\/9791084\/asia-paga-muy-bien-la-palta-en-los-primeros-meses-del-ano\/\" target=\"_blank\" rel=\"nofollow\" class=\"\">&#8220;Asia paga muy bien la palta en los primeros meses del a\u00f1o&#8221;<\/a>\n\n\n\n\n\n\n<div class=\"wprss-feed-meta\">\n            <span class=\"feed-source\">\n            Source:\n\n                            FP.es\n                    <\/span>\n    \n            <span class=\"feed-date\">\n            Published on 2025-12-04\n        <\/span>\n    \n    <\/div>\n\n\n\n\n\n            \n        <\/li>\n                    <li class=\"wpra-item feed-item \">\n            \n            \n\n    <a  href=\"https:\/\/www.freshplaza.es\/article\/9791634\/el-precio-de-la-pera-se-incrementa-un-74-en-el-mercado-argentino\/\" target=\"_blank\" rel=\"nofollow\" class=\"\">El precio de la pera se incrementa un 74% en el mercado argentino<\/a>\n\n\n\n\n\n\n<div class=\"wprss-feed-meta\">\n            <span class=\"feed-source\">\n            Source:\n\n                            FP.es\n                    <\/span>\n    \n            <span class=\"feed-date\">\n            Published on 2025-12-04\n        <\/span>\n    \n    <\/div>\n\n\n\n\n\n            \n        <\/li>\n        <\/ul>\n\n            <div class=\"nav-links\">\n            <div class=\"nav-previous alignleft\">\n            <a data-wpra-shortcode=\"shortcode\" data-wpra-page=\"2\">\n                Older posts            <\/a>\n        <\/div>\n        <\/div>\n\n        \n<\/div>\n\n<\/div>\n","protected":false},"excerpt":{"rendered":"","protected":false},"author":1,"featured_media":0,"parent":0,"menu_order":0,"comment_status":"closed","ping_status":"closed","template":"news.php","meta":{"footnotes":""},"class_list":["post-726","page","type-page","status-publish","hentry"],"_links":{"self":[{"href":"https:\/\/tmsolution.pe\/en\/wp-json\/wp\/v2\/pages\/726","targetHints":{"allow":["GET"]}}],"collection":[{"href":"https:\/\/tmsolution.pe\/en\/wp-json\/wp\/v2\/pages"}],"about":[{"href":"https:\/\/tmsolution.pe\/en\/wp-json\/wp\/v2\/types\/page"}],"author":[{"embeddable":true,"href":"https:\/\/tmsolution.pe\/en\/wp-json\/wp\/v2\/users\/1"}],"replies":[{"embeddable":true,"href":"https:\/\/tmsolution.pe\/en\/wp-json\/wp\/v2\/comments?post=726"}],"version-history":[{"count":8,"href":"https:\/\/tmsolution.pe\/en\/wp-json\/wp\/v2\/pages\/726\/revisions"}],"predecessor-version":[{"id":1882,"href":"https:\/\/tmsolution.pe\/en\/wp-json\/wp\/v2\/pages\/726\/revisions\/1882"}],"wp:attachment":[{"href":"https:\/\/tmsolution.pe\/en\/wp-json\/wp\/v2\/media?parent=726"}],"curies":[{"name":"wp","href":"https:\/\/api.w.org\/{rel}","templated":true}]}}